{"id":22,"date":"2022-07-19T23:26:55","date_gmt":"2022-07-20T02:26:55","guid":{"rendered":"https:\/\/pu2kaz.qsl.br\/?page_id=22"},"modified":"2022-07-19T23:26:55","modified_gmt":"2022-07-20T02:26:55","slug":"experiencias","status":"publish","type":"page","link":"https:\/\/www.pu2kaz.qsl.br\/?page_id=22","title":{"rendered":"Experiencias"},"content":{"rendered":"<p>Minhas experiencias s\u00e3o muito de CB (Faixa do Cidad\u00e3o ou 11 metros), em 1980 tinha por 14 anos um tio meu apareceu em minha cidade no interior de SP, com um radio no carro com uma antena &#8220;viuva negra&#8221;, fiquei muito interssado no equipamento, mas com n\u00e3o tinha recursos iniciei minha caminhada para ter um equipamento, bem como &#8220;adolecente ancioso&#8221; errei muito, mas acho que faz parte, n\u00e3o tinha para quem perguntar nada, eu ero o unico maluco da cidade que fala em tem um 11mtrs e meu tio, n\u00e3o sabia nada, alguem em S\u00e3o Paulo fez tudo para ele.<\/p>\n<p>Bom acabei comprando um Radio Sanio 40 canais AM [Colocar Foto], encomendado de uma loja de brinquedos, hoje ela n\u00e3o existe mais, quando chegou o radio, tive que ir at\u00e9 Ribeir\u00e3o Preto na &#8220;Toca do PX&#8221;, bom ai comecei a ver o que precisava para instalar o radio, fontes 5A, Antena Plano Terra Logus 90Graus[ foto da antena ], cabo coaxial 50Ohms e conectores, mais uma torre para instalar a antena bem alto hein!!, 12 metros.<\/p>\n<p>Depois de algum tempo ninguem aguenta mais o AM, &nbsp;comprei o cobra 148GTL [colocarFoto], et\u00e1 radio bom [ foto da esta\u00e7\u00e3o ].<\/p>\n<p>Fui conhecido na &#8220;Toca do PX&#8221; como &#8220;queimador de radio&#8221;, n\u00e3o era brincadeira o bicho so queimava e era um cobra 148GTL que 100% zerado, imagina, hoje isso n\u00e3o existe mais (2011), somente essas &#8220;coisas&#8221; do paraguai, china, ou sei la de onde.<\/p>\n<p>Ficou confuso! \u00e9 assim mesmo o cobrinha era muito bom, mas a minha falta de experiencia n\u00e3o, ent\u00e3o era assim, o bom que tudo sempre era simples de ser resolvido, o &#8220;Cid\u00e3o&#8221; da &#8220;Toca do Px&#8221; era muito bom de tecnico (em 1981 a 82).<\/p>\n<p>Comecei at\u00e9 a ajudar a instala\u00e7\u00e3o de PX nas viaturas da policia de minha cidade, chegamos a ter mais de 30&nbsp;r\u00e1dios&nbsp;operadores, foi um boa&nbsp;\u00e9poca&nbsp;que aprendi muito.<\/p>\n<p>Minha m\u00e3e [Dona Teresa],&nbsp;tamb\u00e9m&nbsp;chegou a operar em SSB e fazia muitos contatos, veja na pagina que montei tem um pouca dos QSL\u00b4s trocados. <a title=\"Site Esta\u00e7\u00e3o Falc\u00e3o\" href=\"http:\/\/falcao.opnet.com.br\" target=\"_blank\" rel=\"noopener\">http:\/\/falcao.opnet.com.br<\/a><\/p>\n<p>Os TVI\u00b4s quem n\u00e3o tem ou n\u00e3o tem? \u00c9 tive os meus mas claro cheguei a usar &#8220;MAC L 120&#8221; [foto], muito boa, mas as TV\u00b4s da \u00e9poca acredito que n\u00e3o tinham filtros para tvi e tambem n\u00f3s, pois me incluo nessa, n\u00e3o custumos trocar as velhas antenas de TV e as fitas com o tempo, vai ficando &nbsp;e quando d\u00e1 esse problemas sempre a culpa \u00e9 dos outros e pronto. Mas se n\u00e3o me engano a vizinha que tinha problema ainda esta com a mesma antena at\u00e9 hoje (2011).<\/p>\n<p>Ent\u00e3o com voltando, com cobra 148, aprendi a fazer um chaveamento (xucrute) simples sem mexer muito, hoje sei isso \u00e9 comum demais, at\u00e9 nem precisa de tanto mais, pois os equipamento j\u00e1 est\u00e3o completinhos.<\/p>\n<p>Depois de um tempo apareceu os computadores pessoais se pode ser chamado disso, os &#8220;TK85&#8221;, &#8220;CP300&#8221;, &#8220;Unitron&#8221;, &#8220;CP500&#8221;, bom vendi at\u00e9 o ultimo conector de radio para comprar um &#8220;TK2000&#8221; com um unidade de fica cassete, o disquete era muito caro, aprendi muito com esse TK, era baseado em &#8220;AppleBasic&#8221; com 48k de memoria.<\/p>\n<p>Vieram os PC que hoje conhecemos e me formei em Analise de Sistema, como vi em um filme do &#8220;Homem Aranha&#8221;, o &#8220;Tio Ben&#8221;&nbsp;dizendo que at\u00e9 computador precisa de &#8220;Analista&#8221;.<\/p>\n<p>&nbsp;<\/p>\n<p>&nbsp;<\/p>\n","protected":false},"excerpt":{"rendered":"<p>Minhas experiencias s\u00e3o muito de CB (Faixa do Cidad\u00e3o ou 11 metros), em 1980 tinha por 14 anos um tio meu apareceu em minha cidade no interior de SP, com um radio no carro com uma antena &#8220;viuva negra&#8221;, fiquei muito interssado no equipamento, mas com n\u00e3o tinha recursos iniciei minha caminhada para ter um [&hellip;]<\/p>\n","protected":false},"author":1,"featured_media":0,"parent":0,"menu_order":0,"comment_status":"open","ping_status":"open","template":"","meta":{"footnotes":""},"class_list":["post-22","page","type-page","status-publish","hentry"],"_links":{"self":[{"href":"https:\/\/www.pu2kaz.qsl.br\/index.php?rest_route=\/wp\/v2\/pages\/22","targetHints":{"allow":["GET"]}}],"collection":[{"href":"https:\/\/www.pu2kaz.qsl.br\/index.php?rest_route=\/wp\/v2\/pages"}],"about":[{"href":"https:\/\/www.pu2kaz.qsl.br\/index.php?rest_route=\/wp\/v2\/types\/page"}],"author":[{"embeddable":true,"href":"https:\/\/www.pu2kaz.qsl.br\/index.php?rest_route=\/wp\/v2\/users\/1"}],"replies":[{"embeddable":true,"href":"https:\/\/www.pu2kaz.qsl.br\/index.php?rest_route=%2Fwp%2Fv2%2Fcomments&post=22"}],"version-history":[{"count":0,"href":"https:\/\/www.pu2kaz.qsl.br\/index.php?rest_route=\/wp\/v2\/pages\/22\/revisions"}],"wp:attachment":[{"href":"https:\/\/www.pu2kaz.qsl.br\/index.php?rest_route=%2Fwp%2Fv2%2Fmedia&parent=22"}],"curies":[{"name":"wp","href":"https:\/\/api.w.org\/{rel}","templated":true}]}}